{"id":432,"date":"2022-06-20T10:45:26","date_gmt":"2022-06-20T15:45:26","guid":{"rendered":"http:\/\/castilloins-tax.three.zysites.com\/about-us\/"},"modified":"2023-08-29T15:21:18","modified_gmt":"2023-08-29T20:21:18","slug":"about-us","status":"publish","type":"page","link":"https:\/\/www.castilloins-tax.com\/es\/about-us\/","title":{"rendered":"Acerca de nosotros"},"content":{"rendered":"<p>Nuestro personal dedicado de profesionales en seguros est\u00e1 aqu\u00ed para ayudarlo a obtener una p\u00f3liza de seguro,que lo proteja a usted y a sus seres queridos, en el futuro. Tenemos un amplio  conocimiento de nuestras compa\u00f1\u00edas y del mercado ,asi que podemos buscarle la p\u00f3liza que mejor se adapte a sus necesidades.<\/p>\n","protected":false},"excerpt":{"rendered":"<p>Nuestro personal dedicado de profesionales en seguros est\u00e1 aqu\u00ed para ayudarlo a obtener una p\u00f3liza de seguro,que lo proteja a usted y a sus seres queridos, en el futuro. Tenemos un amplio conocimiento de nuestras compa\u00f1\u00edas y del mercado ,asi que podemos buscarle la p\u00f3liza que mejor se adapte a sus necesidades.<\/p>\n","protected":false},"author":35,"featured_media":0,"parent":0,"menu_order":0,"comment_status":"closed","ping_status":"closed","template":"","meta":{"_acf_changed":false,"_seopress_robots_primary_cat":"0","_seopress_titles_title":"","_seopress_titles_desc":"","_seopress_robots_index":"","_analytify_skip_tracking":false,"footnotes":""},"class_list":["post-432","page","type-page","status-publish","hentry"],"acf":[],"_links":{"self":[{"href":"https:\/\/www.castilloins-tax.com\/es\/wp-json\/wp\/v2\/pages\/432","targetHints":{"allow":["GET"]}}],"collection":[{"href":"https:\/\/www.castilloins-tax.com\/es\/wp-json\/wp\/v2\/pages"}],"about":[{"href":"https:\/\/www.castilloins-tax.com\/es\/wp-json\/wp\/v2\/types\/page"}],"author":[{"embeddable":true,"href":"https:\/\/www.castilloins-tax.com\/es\/wp-json\/wp\/v2\/users\/35"}],"replies":[{"embeddable":true,"href":"https:\/\/www.castilloins-tax.com\/es\/wp-json\/wp\/v2\/comments?post=432"}],"version-history":[{"count":0,"href":"https:\/\/www.castilloins-tax.com\/es\/wp-json\/wp\/v2\/pages\/432\/revisions"}],"wp:attachment":[{"href":"https:\/\/www.castilloins-tax.com\/es\/wp-json\/wp\/v2\/media?parent=432"}],"curies":[{"name":"wp","href":"https:\/\/api.w.org\/{rel}","templated":true}]}}